{"id":1239,"date":"2019-12-04T22:46:58","date_gmt":"2019-12-04T22:46:58","guid":{"rendered":"https:\/\/doubleuporegon.org\/fmf-2020\/"},"modified":"2025-10-08T17:00:01","modified_gmt":"2025-10-08T17:00:01","slug":"fmf-2020","status":"publish","type":"page","link":"https:\/\/doubleuporegon.org\/es\/","title":{"rendered":"HOGAR"},"content":{"rendered":"<p>[et_pb_section fb_built=\u00bb1&#8243; fullwidth=\u00bbon\u00bb _builder_version=\u00bb4.16&#8243; global_colors_info=\u00bb{}\u00bb][et_pb_fullwidth_slider _builder_version=\u00bb4.25.1&#8243; min_height=\u00bb219px\u00bb custom_margin=\u00bb0px||||false|false\u00bb link_option_url=\u00bbhttps:\/\/doubleuporegon.org\/es\/como-funciona\/\u00bb global_colors_info=\u00bb{}\u00bb][et_pb_slide heading=\u00bbCon Double Up Food Bucks, puede duplicar sus d\u00f3lares SNAP para gastar en productos frescos en las CSA de Oregon, Mercados Agr\u00edcolas, los puestos agr\u00edcolas y Supermercados participantes\u00bb button_text=\u00bb\u00a1OBTENGA MAS INFORMACION SOBRE COMO FUNCIONA!\u00bb button_link=\u00bbhttps:\/\/doubleuporegon.org\/es\/como-funciona\/\u00bb _builder_version=\u00bb4.25.1&#8243; header_level=\u00bbh1&#8243; header_font=\u00bbUbuntu|700|||||||\u00bb header_font_size=\u00bb43px\u00bb header_line_height=\u00bb1.4em\u00bb background_enable_color=\u00bboff\u00bb background_image=\u00bbhttps:\/\/doubleuporegon.org\/wp-content\/uploads\/2020\/01\/NewSlider-1.jpg\u00bb background_enable_image=\u00bbon\u00bb custom_button=\u00bbon\u00bb header_font_size_tablet=\u00bb43px\u00bb header_font_size_phone=\u00bb21px\u00bb header_font_size_last_edited=\u00bbon|phone\u00bb button_text_size_tablet=\u00bb\u00bb button_text_size_phone=\u00bb15px\u00bb button_text_size_last_edited=\u00bbon|phone\u00bb global_colors_info=\u00bb{}\u00bb sticky_transition=\u00bbon\u00bb][\/et_pb_slide][\/et_pb_fullwidth_slider][\/et_pb_section][et_pb_section fb_built=\u00bb1&#8243; disabled_on=\u00bboff|off|off\u00bb _builder_version=\u00bb4.16&#8243; global_colors_info=\u00bb{}\u00bb][et_pb_row _builder_version=\u00bb4.20.4&#8243; _module_preset=\u00bbdefault\u00bb locked=\u00bboff\u00bb global_colors_info=\u00bb{}\u00bb][et_pb_column type=\u00bb4_4&#8243; _builder_version=\u00bb4.20.4&#8243; _module_preset=\u00bbdefault\u00bb global_colors_info=\u00bb{}\u00bb][et_pb_text _builder_version=\u00bb4.20.4&#8243; _module_preset=\u00bbdefault\u00bb global_colors_info=\u00bb{}\u00bb]<\/p>\n<h1 style=\"text-align: center;\">Mira el v\u00eddeo explicativo de Double Up Food Bucks<\/h1>\n<p>[\/et_pb_text][\/et_pb_column][\/et_pb_row][et_pb_row column_structure=\u00bb1_2,1_2&#8243; use_custom_gutter=\u00bbon\u00bb gutter_width=\u00bb2&#8243; _builder_version=\u00bb4.20.4&#8243; _module_preset=\u00bbdefault\u00bb locked=\u00bboff\u00bb global_colors_info=\u00bb{}\u00bb][et_pb_column type=\u00bb1_2&#8243; _builder_version=\u00bb4.20.4&#8243; _module_preset=\u00bbdefault\u00bb global_colors_info=\u00bb{}\u00bb][et_pb_video src=\u00bbhttps:\/\/vimeo.com\/showcase\/10105445\/video\/788096949&#8243; image_src=\u00bbhttps:\/\/doubleuporegon.org\/wp-content\/uploads\/2023\/05\/ExplainerVideoSpanish-1.jpg\u00bb _builder_version=\u00bb4.20.4&#8243; _module_preset=\u00bbdefault\u00bb global_colors_info=\u00bb{}\u00bb][\/et_pb_video][\/et_pb_column][et_pb_column type=\u00bb1_2&#8243; _builder_version=\u00bb4.20.4&#8243; _module_preset=\u00bbdefault\u00bb global_colors_info=\u00bb{}\u00bb][et_pb_video src=\u00bbhttps:\/\/vimeo.com\/showcase\/10105445\/video\/764753899&#8243; image_src=\u00bbhttps:\/\/doubleuporegon.org\/wp-content\/uploads\/2023\/05\/ExplainerVideoEnglish-1.jpg\u00bb _builder_version=\u00bb4.20.4&#8243; _module_preset=\u00bbdefault\u00bb global_colors_info=\u00bb{}\u00bb][\/et_pb_video][\/et_pb_column][\/et_pb_row][et_pb_row _builder_version=\u00bb4.20.4&#8243; _module_preset=\u00bbdefault\u00bb global_colors_info=\u00bb{}\u00bb][et_pb_column type=\u00bb4_4&#8243; _builder_version=\u00bb4.20.4&#8243; _module_preset=\u00bbdefault\u00bb global_colors_info=\u00bb{}\u00bb][et_pb_text _builder_version=\u00bb4.25.1&#8243; _module_preset=\u00bbdefault\u00bb custom_padding=\u00bb||0px|||\u00bb global_colors_info=\u00bb{}\u00bb]<\/p>\n<p style=\"text-align: center;\">\u00a0<a href=\"https:\/\/vimeo.com\/showcase\/10105445\/video\/788094648\" target=\"_blank\" rel=\"noopener\">\u043d\u0430 \u0440\u0443\u0441\u0441\u043a\u043e\u043c (Russian)<\/a><span> \u2022<\/span><span>\u00a0<\/span><a href=\"https:\/\/vimeo.com\/showcase\/10105445\/video\/788097923\"><span>b\u1eb1ng ti\u1ebfng Vi\u1ec7t (Vietnamese)<\/span><\/a><span> \u2022<\/span>\u00a0<span><a href=\"https:\/\/vimeo.com\/showcase\/10105445\/video\/788088971\" target=\"_blank\" rel=\"noopener\">\u5e7f\u4e1c\u8bdd (Cantonese)<\/a> \u2022 <\/span><span><a href=\"https:\/\/vimeo.com\/showcase\/10105445\/video\/788093056\" target=\"_blank\" rel=\"noopener\">\u666e\u901a\u8a71 (Mandarin)<\/a> \u2022<\/span><\/p>\n<p style=\"text-align: center;\"><a href=\"https:\/\/vimeo.com\/showcase\/10105445\/video\/788091527\" target=\"_blank\" rel=\"noopener\"><span>\ud55c\uad6d\uc5b4\ub85c\u00a0<\/span><\/a><span><a href=\"https:\/\/vimeo.com\/showcase\/10105445\/video\/788091527\" target=\"_blank\" rel=\"noopener\">(Korean)<\/a> \u2022 <\/span><span class=\"gmail-Y2IQFc\" lang=\"so\"><a href=\"https:\/\/vimeo.com\/showcase\/10105445\/video\/788095708\" target=\"_blank\" rel=\"noopener\">af soomaali (Somali)<\/a><span> \u2022<\/span>\u00a0<a href=\"https:\/\/vimeo.com\/showcase\/10105445\/video\/788086506\" target=\"_blank\" rel=\"noopener\"><span>\u0628\u0627\u0644\u0639\u0631\u0628\u064a\u0629 (Arabic)<\/span><\/a> <span>\u2022 <\/span><a href=\"https:\/\/vimeo.com\/showcase\/10105445\/video\/943754340\">\u1019\u103c\u1014\u103a\u1019\u102c(Burmese)\u00a0<\/a> <span>\u2022<a href=\"https:\/\/vimeo.com\/showcase\/10105445\/video\/943755853\"> \u0928\u0947\u092a\u093e\u0932\u0940 (Nepali)<\/a> \u2022 <a href=\"https:\/\/vimeo.com\/showcase\/10105445\/video\/943755443\">\u0443\u043a\u0440\u0430\u0457\u043d\u0441\u044c\u043a\u0430 (Ukrainian)<\/a> \u2022 <a href=\"https:\/\/vimeo.com\/showcase\/10105445\/video\/943755304\">kiswahili (Swahili<\/a>) \u2022 <a href=\"https:\/\/vimeo.com\/showcase\/10105445\/video\/943754599\">\u12a0\u121b\u122d\u129b (Amharic)<\/a> \u2022 <\/span><\/span><\/p>\n<p style=\"text-align: center;\"><span class=\"gmail-Y2IQFc\" lang=\"so\"><span><a href=\"https:\/\/vimeo.com\/showcase\/10105445\/video\/943755175\">Samoa (Samoan)<\/a> \u2022 <a href=\"https:\/\/vimeo.com\/showcase\/10105445\/video\/943755710\">Fran\u00e7ais (French)<\/a> \u2022 <a href=\"https:\/\/vimeo.com\/showcase\/10105445\/video\/943754706\">Chuukese<\/a><\/span><\/span><\/p>\n<p>&nbsp;<\/p>\n<p>[\/et_pb_text][\/et_pb_column][\/et_pb_row][et_pb_row column_structure=\u00bb1_4,1_4,1_4,1_4&#8243; use_custom_gutter=\u00bbon\u00bb gutter_width=\u00bb2&#8243; _builder_version=\u00bb4.16&#8243; custom_margin=\u00bb||||false|true\u00bb global_colors_info=\u00bb{}\u00bb][et_pb_column type=\u00bb1_4&#8243; _builder_version=\u00bb4.16&#8243; global_colors_info=\u00bb{}\u00bb][et_pb_image src=\u00bbhttps:\/\/doubleuporegon.org\/wp-content\/uploads\/2023\/07\/2-1.png\u00bb title_text=\u00bb2&#8243; url=\u00bbhttps:\/\/doubleuporegon.org\/es\/mercados\/\u00bb _builder_version=\u00bb4.21.0&#8243; _module_preset=\u00bbdefault\u00bb global_colors_info=\u00bb{}\u00bb][\/et_pb_image][\/et_pb_column][et_pb_column type=\u00bb1_4&#8243; _builder_version=\u00bb4.16&#8243; custom_padding=\u00bb||||false|true\u00bb global_colors_info=\u00bb{}\u00bb][et_pb_image src=\u00bbhttps:\/\/doubleuporegon.org\/wp-content\/uploads\/2025\/10\/SUPERMERCADO-3.png\u00bb title_text=\u00bbSUPERMERCADO-3&#8243; url=\u00bbhttps:\/\/doubleuporegon.org\/es\/tiendas-de-comestibles\/\u00bb _builder_version=\u00bb4.25.1&#8243; _module_preset=\u00bbdefault\u00bb hover_enabled=\u00bb0&#8243; global_colors_info=\u00bb{}\u00bb sticky_enabled=\u00bb0&#8243;][\/et_pb_image][\/et_pb_column][et_pb_column type=\u00bb1_4&#8243; _builder_version=\u00bb4.16&#8243; global_colors_info=\u00bb{}\u00bb][et_pb_image src=\u00bbhttps:\/\/doubleuporegon.org\/wp-content\/uploads\/2023\/07\/1-1.png\u00bb title_text=\u00bb1&#8243; url=\u00bbhttps:\/\/doubleuporegon.org\/es\/participacion-en-granja-csa\/\u00bb _builder_version=\u00bb4.21.0&#8243; _module_preset=\u00bbdefault\u00bb global_colors_info=\u00bb{}\u00bb][\/et_pb_image][\/et_pb_column][et_pb_column type=\u00bb1_4&#8243; _builder_version=\u00bb4.16&#8243; global_colors_info=\u00bb{}\u00bb][et_pb_image src=\u00bbhttps:\/\/doubleuporegon.org\/wp-content\/uploads\/2023\/07\/3-1.png\u00bb title_text=\u00bb3&#8243; url=\u00bbhttps:\/\/doubleuporegon.org\/es\/puestos-agricolas\/\u00bb _builder_version=\u00bb4.21.0&#8243; _module_preset=\u00bbdefault\u00bb global_colors_info=\u00bb{}\u00bb][\/et_pb_image][\/et_pb_column][\/et_pb_row][et_pb_row _builder_version=\u00bb4.21.0&#8243; _module_preset=\u00bbdefault\u00bb global_colors_info=\u00bb{}\u00bb][et_pb_column type=\u00bb4_4&#8243; _builder_version=\u00bb4.21.0&#8243; _module_preset=\u00bbdefault\u00bb global_colors_info=\u00bb{}\u00bb][et_pb_text _builder_version=\u00bb4.21.0&#8243; _module_preset=\u00bbdefault\u00bb global_colors_info=\u00bb{}\u00bb]<\/p>\n<h5 style=\"text-align: center;\">DOUBLE UP FOOD BUCKS OREGON ES TRA\u00cdDO A USTED POR:<\/h5>\n<p>[\/et_pb_text][et_pb_image src=\u00bbhttps:\/\/doubleuporegon.org\/wp-content\/uploads\/2023\/06\/FMFlogobanner-300&#215;59-1.png\u00bb title_text=\u00bbFMFlogobanner-300&#215;59-1&#8243; align=\u00bbcenter\u00bb _builder_version=\u00bb4.21.0&#8243; _module_preset=\u00bbdefault\u00bb global_colors_info=\u00bb{}\u00bb][\/et_pb_image][\/et_pb_column][\/et_pb_row][\/et_pb_section]<\/p>\n","protected":false},"excerpt":{"rendered":"<p>Mira el v\u00eddeo explicativo de Double Up Food Bucks\u00a0\u043d\u0430 \u0440\u0443\u0441\u0441\u043a\u043e\u043c (Russian) \u2022\u00a0b\u1eb1ng ti\u1ebfng Vi\u1ec7t (Vietnamese) \u2022\u00a0\u5e7f\u4e1c\u8bdd (Cantonese) \u2022 \u666e\u901a\u8a71 (Mandarin) \u2022 \ud55c\uad6d\uc5b4\ub85c\u00a0(Korean) \u2022 af soomaali (Somali) \u2022\u00a0\u0628\u0627\u0644\u0639\u0631\u0628\u064a\u0629 (Arabic) \u2022 \u1019\u103c\u1014\u103a\u1019\u102c(Burmese)\u00a0 \u2022 \u0928\u0947\u092a\u093e\u0932\u0940 (Nepali) \u2022 \u0443\u043a\u0440\u0430\u0457\u043d\u0441\u044c\u043a\u0430 (Ukrainian) \u2022 kiswahili (Swahili) \u2022 \u12a0\u121b\u122d\u129b (Amharic) \u2022 Samoa (Samoan) \u2022 Fran\u00e7ais (French) \u2022 Chuukese &nbsp;DOUBLE UP FOOD BUCKS OREGON [&hellip;]<\/p>\n","protected":false},"author":6,"featured_media":0,"parent":0,"menu_order":0,"comment_status":"closed","ping_status":"closed","template":"","meta":{"_et_pb_use_builder":"on","_et_pb_old_content":"","_et_gb_content_width":"","footnotes":""},"class_list":["post-1239","page","type-page","status-publish","hentry"],"_links":{"self":[{"href":"https:\/\/doubleuporegon.org\/es\/wp-json\/wp\/v2\/pages\/1239","targetHints":{"allow":["GET"]}}],"collection":[{"href":"https:\/\/doubleuporegon.org\/es\/wp-json\/wp\/v2\/pages"}],"about":[{"href":"https:\/\/doubleuporegon.org\/es\/wp-json\/wp\/v2\/types\/page"}],"author":[{"embeddable":true,"href":"https:\/\/doubleuporegon.org\/es\/wp-json\/wp\/v2\/users\/6"}],"replies":[{"embeddable":true,"href":"https:\/\/doubleuporegon.org\/es\/wp-json\/wp\/v2\/comments?post=1239"}],"version-history":[{"count":31,"href":"https:\/\/doubleuporegon.org\/es\/wp-json\/wp\/v2\/pages\/1239\/revisions"}],"predecessor-version":[{"id":256513,"href":"https:\/\/doubleuporegon.org\/es\/wp-json\/wp\/v2\/pages\/1239\/revisions\/256513"}],"wp:attachment":[{"href":"https:\/\/doubleuporegon.org\/es\/wp-json\/wp\/v2\/media?parent=1239"}],"curies":[{"name":"wp","href":"https:\/\/api.w.org\/{rel}","templated":true}]}}