{"id":1251,"date":"2020-05-21T17:51:46","date_gmt":"2020-05-21T17:51:46","guid":{"rendered":"https:\/\/doubleuporegon.org\/donate\/"},"modified":"2025-01-30T20:48:45","modified_gmt":"2025-01-30T20:48:45","slug":"donar","status":"publish","type":"page","link":"https:\/\/doubleuporegon.org\/es\/donar\/","title":{"rendered":"DONAR"},"content":{"rendered":"<p>[et_pb_section fb_built=\u00bb1&#8243; _builder_version=\u00bb4.16&#8243; global_colors_info=\u00bb{}\u00bb][et_pb_row use_custom_gutter=\u00bbon\u00bb gutter_width=\u00bb2&#8243; _builder_version=\u00bb4.16&#8243; global_colors_info=\u00bb{}\u00bb][et_pb_column type=\u00bb4_4&#8243; _builder_version=\u00bb4.16&#8243; global_colors_info=\u00bb{}\u00bb][\/et_pb_column][\/et_pb_row][et_pb_row _builder_version=\u00bb4.16&#8243; min_height=\u00bb1188px\u00bb global_colors_info=\u00bb{}\u00bb][et_pb_column type=\u00bb4_4&#8243; _builder_version=\u00bb4.16&#8243; global_colors_info=\u00bb{}\u00bb][et_pb_code admin_label=\u00bbCode\u00bb _builder_version=\u00bb4.16&#8243; global_colors_info=\u00bb{}\u00bb]<!-- Begin Give Lively Fundraising Widget --><!-- [et_pb_line_break_holder] --><script>gl=document.createElement('script');gl.src='https:\/\/secure.givelively.org\/widgets\/branded_donation\/farmers-market-fund.js';document.getElementsByTagName('head')[0].appendChild(gl);<\/script><\/p>\n<div data-widget-src='https:\/\/secure.givelively.org\/donate\/farmers-market-fund?ref=sd_widget' id=\"give-lively-widget\" class=\"gl-branded-donation-widget\"><\/div>\n<p><!-- [et_pb_line_break_holder] --><!-- End Give Lively Fundraising Widget -->[\/et_pb_code][et_pb_divider _builder_version=\u00bb4.16&#8243; global_colors_info=\u00bb{}\u00bb][\/et_pb_divider][et_pb_text _builder_version=\u00bb4.16&#8243; global_colors_info=\u00bb{}\u00bb]<\/p>\n<h3>Donaciones deducibles de impuestos<\/h3>\n<p>Lo invitamos a hacer una contribuci\u00f3n deducible de impuestos al Farmers Market Fund para apoyar a Double Up Food Bucks Oregon para ayudar a promover nuestro objetivo de alimentos frescos para todos nuestros vecinos. Con el n\u00famero de residentes de Oreg\u00f3n que reciben asistencia alimentaria a trav\u00e9s de SNAP en aumento debido a COVID-19, los programas para aumentar el acceso a alimentos saludables cultivados localmente son m\u00e1s importantes que nunca.<\/p>\n<p>Tambi\u00e9n puede enviar su donaci\u00f3n deducible de impuestos a:<\/p>\n<p style=\"text-align: center;\">Fondo del mercado de agricultores<\/p>\n<p style=\"text-align: center;\">PO Box 13391 <\/p>\n<p style=\"text-align: center;\">Portland, OR 97213<\/p>\n<p style=\"text-align: center;\">\n<h3 style=\"text-align: left;\">Dar en el trabajo<\/h3>\n<p>Si su empleador tiene una campa\u00f1a de donaciones en el lugar de trabajo, Farmers Market Fund es elegible para su donaci\u00f3n en el lugar de trabajo y tambi\u00e9n para la contribuci\u00f3n de contrapartida de su empleador. Ya somos aceptados en campa\u00f1as en PGE y Kaiser Permanente NW.\u00a0<\/p>\n<p>Nuestra identificaci\u00f3n federal para organizaciones sin fines de lucro es 45-3804465. Para contribuir al Farmers Market Fund, simplemente agregue esto a su formulario y los alimentos frescos de la granja estar\u00e1n en los platos de los necesitados antes de que se d\u00e9 cuenta.<\/p>\n<p style=\"text-align: left;\">Gracias por tu generosidad. Su donaci\u00f3n ayuda a apoyar a los vecinos necesitados, las peque\u00f1as granjas familiares y nuestra econom\u00eda local.<\/p>\n<p>&nbsp;<\/p>\n<p>[\/et_pb_text][et_pb_image src=\u00bbhttps:\/\/doubleuporegon.org\/wp-content\/uploads\/2019\/12\/FruitBorder-300&#215;81.png\u00bb show_bottom_space=\u00bboff\u00bb align=\u00bbcenter\u00bb _builder_version=\u00bb4.16&#8243; custom_margin=\u00bb48px||48px||true|false\u00bb global_colors_info=\u00bb{}\u00bb][\/et_pb_image][\/et_pb_column][\/et_pb_row][\/et_pb_section]<\/p>\n","protected":false},"excerpt":{"rendered":"<p>Donaciones deducibles de impuestos Lo invitamos a hacer una contribuci\u00f3n deducible de impuestos al Farmers Market Fund para apoyar a Double Up Food Bucks Oregon para ayudar a promover nuestro objetivo de alimentos frescos para todos nuestros vecinos. Con el n\u00famero de residentes de Oreg\u00f3n que reciben asistencia alimentaria a trav\u00e9s de SNAP en aumento [&hellip;]<\/p>\n","protected":false},"author":6,"featured_media":0,"parent":0,"menu_order":0,"comment_status":"closed","ping_status":"closed","template":"","meta":{"_et_pb_use_builder":"on","_et_pb_old_content":"","_et_gb_content_width":"","footnotes":""},"class_list":["post-1251","page","type-page","status-publish","hentry"],"_links":{"self":[{"href":"https:\/\/doubleuporegon.org\/es\/wp-json\/wp\/v2\/pages\/1251","targetHints":{"allow":["GET"]}}],"collection":[{"href":"https:\/\/doubleuporegon.org\/es\/wp-json\/wp\/v2\/pages"}],"about":[{"href":"https:\/\/doubleuporegon.org\/es\/wp-json\/wp\/v2\/types\/page"}],"author":[{"embeddable":true,"href":"https:\/\/doubleuporegon.org\/es\/wp-json\/wp\/v2\/users\/6"}],"replies":[{"embeddable":true,"href":"https:\/\/doubleuporegon.org\/es\/wp-json\/wp\/v2\/comments?post=1251"}],"version-history":[{"count":4,"href":"https:\/\/doubleuporegon.org\/es\/wp-json\/wp\/v2\/pages\/1251\/revisions"}],"predecessor-version":[{"id":249333,"href":"https:\/\/doubleuporegon.org\/es\/wp-json\/wp\/v2\/pages\/1251\/revisions\/249333"}],"wp:attachment":[{"href":"https:\/\/doubleuporegon.org\/es\/wp-json\/wp\/v2\/media?parent=1251"}],"curies":[{"name":"wp","href":"https:\/\/api.w.org\/{rel}","templated":true}]}}