{"id":1253,"date":"2020-01-10T17:36:21","date_gmt":"2020-01-10T17:36:21","guid":{"rendered":"https:\/\/doubleuporegon.org\/farmshare\/"},"modified":"2026-02-16T20:14:04","modified_gmt":"2026-02-16T20:14:04","slug":"participacion-en-granja-csa","status":"publish","type":"page","link":"https:\/\/doubleuporegon.org\/es\/participacion-en-granja-csa\/","title":{"rendered":"CSA"},"content":{"rendered":"<p>[et_pb_section fb_built=\u00bb1&#8243; fullwidth=\u00bbon\u00bb _builder_version=\u00bb4.21.0&#8243; global_colors_info=\u00bb{}\u00bb][et_pb_fullwidth_slider _builder_version=\u00bb4.21.0&#8243; header_font_size=\u00bb60px\u00bb height=\u00bb200px\u00bb global_colors_info=\u00bb{}\u00bb][et_pb_slide heading=\u00bbC\u00d3MO DOBLAR LOS BUCKS DE ALIMENTOS FUNCIONA CON CSA\u00bb use_bg_overlay=\u00bbon\u00bb bg_overlay_color=\u00bbrgba(0,0,0,0.2)\u00bb heading_tablet=\u00bbC\u00d3MO DOBLAR LOS BUCKS DE ALIMENTOS FUNCIONA CON CSA\u00bb heading_phone=\u00bbC\u00d3MO DOBLAR LOS BUCKS DE ALIMENTOS FUNCIONA CON CSA\u00bb heading_last_edited=\u00bbon|phone\u00bb _builder_version=\u00bb4.21.0&#8243; header_level=\u00bbh1&#8243; header_font=\u00bb|800|||||||\u00bb header_font_size=\u00bb46px\u00bb header_line_height=\u00bb1.25em\u00bb background_enable_color=\u00bboff\u00bb background_image=\u00bbhttps:\/\/doubleuporegon.org\/wp-content\/uploads\/2019\/12\/Slider3.jpg\u00bb background_enable_image=\u00bbon\u00bb custom_padding=\u00bb36px||||false|false\u00bb header_font_size_tablet=\u00bb28px\u00bb header_font_size_phone=\u00bb28px\u00bb header_font_size_last_edited=\u00bbon|phone\u00bb global_colors_info=\u00bb{}\u00bb sticky_transition=\u00bbon\u00bb][\/et_pb_slide][\/et_pb_fullwidth_slider][\/et_pb_section][et_pb_section fb_built=\u00bb1&#8243; theme_builder_area=\u00bbpost_content\u00bb _builder_version=\u00bb4.27.5&#8243; _module_preset=\u00bbdefault\u00bb][et_pb_row _builder_version=\u00bb4.27.5&#8243; _module_preset=\u00bbdefault\u00bb theme_builder_area=\u00bbpost_content\u00bb][et_pb_column _builder_version=\u00bb4.27.5&#8243; _module_preset=\u00bbdefault\u00bb type=\u00bb4_4&#8243; theme_builder_area=\u00bbpost_content\u00bb][et_pb_text _builder_version=\u00bb4.27.5&#8243; _module_preset=\u00bbdefault\u00bb text_font=\u00bb|800||on|||||\u00bb text_orientation=\u00bbcenter\u00bb hover_enabled=\u00bb0&#8243; global_colors_info=\u00bb{}\u00bb theme_builder_area=\u00bbpost_content\u00bb sticky_enabled=\u00bb0&#8243;]<\/p>\n<p>JUMP TO: <a href=\"#farmers\">For Farmers<\/a><\/p>\n<p>[\/et_pb_text][\/et_pb_column][\/et_pb_row][\/et_pb_section][et_pb_section fb_built=\u00bb1&#8243; _builder_version=\u00bb4.16&#8243; global_colors_info=\u00bb{}\u00bb][et_pb_row _builder_version=\u00bb4.16&#8243; global_colors_info=\u00bb{}\u00bb][et_pb_column type=\u00bb4_4&#8243; _builder_version=\u00bb4.16&#8243; global_colors_info=\u00bb{}\u00bb][et_pb_text _builder_version=\u00bb4.20.4&#8243; header_font=\u00bb|800|||||||\u00bb header_text_align=\u00bbcenter\u00bb header_text_color=\u00bb#000000&#8243; header_font_size=\u00bb68px\u00bb header_2_font=\u00bb|800|||||||\u00bb header_2_text_align=\u00bbcenter\u00bb header_2_font_size=\u00bb39px\u00bb custom_padding=\u00bb||6px|||\u00bb global_colors_info=\u00bb{}\u00bb]<\/p>\n<h3 style=\"text-align: center;\"><strong>Compra una acci\u00f3n de CSA y Double Up Food Bucks cubrir\u00e1 hasta la mitad del costo de su participaci\u00f3n!<\/strong><\/h3>\n<p><span style=\"font-weight: 400;\">Hay muchas razones para hacerse miembro de una granja de Agricultura Sostenida por la Comunidad (CSA), y ahora Double Up Food Bucks lo hace a\u00fan m\u00e1s f\u00e1cil.<\/span><\/p>\n<ul>\n<li style=\"font-weight: 400;\" aria-level=\"1\"><span style=\"font-weight: 400;\">Usted va a obtener frutas y verduras frescas cada semana de la temporada de cultivo, \u00a1y algunas granjas cultivan durante todo el a\u00f1o!<\/span><\/li>\n<li style=\"font-weight: 400;\" aria-level=\"1\"><span style=\"font-weight: 400;\">Sus productos son deliciosos, nutritivos y se cultivan con pr\u00e1cticas agr\u00edcolas sostenibles.<\/span><\/li>\n<li style=\"font-weight: 400;\" aria-level=\"1\"><span style=\"font-weight: 400;\">Tus alimentos se cultivan a nivel\u00a0 local y no tienen que ser transportados por largas distancias para llegar a tu casa.<\/span><\/li>\n<li style=\"font-weight: 400;\" aria-level=\"1\"><span style=\"font-weight: 400;\">Estar\u00e1s apoyando a un ranchero local y ayud\u00e1ndoles a mantener un negocio sostenible.<\/span><\/li>\n<li style=\"font-weight: 400;\" aria-level=\"1\"><span style=\"font-weight: 400;\">Ser\u00e1s parte de una comunidad de personas que se preocupan por su medio ambiente y la comida que comen.<\/span><\/li>\n<\/ul>\n<p>[\/et_pb_text][et_pb_text _builder_version=\u00bb4.20.4&#8243; header_font=\u00bb|800|||||||\u00bb header_text_align=\u00bbcenter\u00bb header_text_color=\u00bb#000000&#8243; header_font_size=\u00bb68px\u00bb header_2_font=\u00bb|800|||||||\u00bb header_2_text_align=\u00bbcenter\u00bb header_2_font_size=\u00bb39px\u00bb custom_padding=\u00bb||6px|||\u00bb global_colors_info=\u00bb{}\u00bb]<\/p>\n<h3 style=\"text-align: center;\"><strong>Compra una acci\u00f3n de CSA y Double Up Food Bucks cubrir\u00e1 hasta la mitad del costo de su participaci\u00f3n!<\/strong><\/h3>\n<p><span style=\"font-weight: 400;\">Hay muchas razones para hacerse miembro de una granja de Agricultura Sostenida por la Comunidad (CSA), y ahora Double Up Food Bucks lo hace a\u00fan m\u00e1s f\u00e1cil.<\/span><\/p>\n<ul>\n<li style=\"font-weight: 400;\" aria-level=\"1\"><span style=\"font-weight: 400;\">Usted va a obtener frutas y verduras frescas cada semana de la temporada de cultivo, \u00a1y algunas granjas cultivan durante todo el a\u00f1o!<\/span><\/li>\n<li style=\"font-weight: 400;\" aria-level=\"1\"><span style=\"font-weight: 400;\">Sus productos son deliciosos, nutritivos y se cultivan con pr\u00e1cticas agr\u00edcolas sostenibles.<\/span><\/li>\n<li style=\"font-weight: 400;\" aria-level=\"1\"><span style=\"font-weight: 400;\">Tus alimentos se cultivan a nivel\u00a0 local y no tienen que ser transportados por largas distancias para llegar a tu casa.<\/span><\/li>\n<li style=\"font-weight: 400;\" aria-level=\"1\"><span style=\"font-weight: 400;\">Estar\u00e1s apoyando a un ranchero local y ayud\u00e1ndoles a mantener un negocio sostenible.<\/span><\/li>\n<li style=\"font-weight: 400;\" aria-level=\"1\"><span style=\"font-weight: 400;\">Ser\u00e1s parte de una comunidad de personas que se preocupan por su medio ambiente y la comida que comen.<\/span><\/li>\n<\/ul>\n<p>[\/et_pb_text][et_pb_text _builder_version=\u00bb4.20.4&#8243; _module_preset=\u00bbdefault\u00bb global_colors_info=\u00bb{}\u00bb]<\/p>\n<h1>C\u00f3mo funciona<\/h1>\n<p>[\/et_pb_text][et_pb_text _builder_version=\u00bb4.20.4&#8243; _module_preset=\u00bbdefault\u00bb background_color=\u00bb#BBE1D2&#8243; custom_padding=\u00bb24px|36px|24px|36px|true|true\u00bb border_radii=\u00bbon|10px|10px|10px|10px\u00bb global_colors_info=\u00bb{}\u00bb]<\/p>\n<h3 style=\"text-align: center;\"><strong>\u00a1Encuentra una Granja! <\/strong><\/h3>\n<h3 style=\"text-align: center;\"><span style=\"font-weight: 400;\">Use el mapa en <\/span><a href=\"https:\/\/www.pnwcsa.org\/find-a-farm\"><span style=\"font-weight: 400;\"><span style=\"color: #0000ff;\"><span style=\"color: #486c5e;\">https:\/\/www.pnwcsa.org\/find-a-farm<\/span><\/span><\/span><\/a><span style=\"font-weight: 400;\">. O env\u00eda un correo electr\u00f3nico a <\/span><span style=\"color: #486c5e;\"><a href=\"mailto:info@pnwcsa.org\" style=\"color: #486c5e;\"><span style=\"font-weight: 400;\">info@pnwcsa.org<\/span><\/a><\/span><span style=\"font-weight: 400;\"> y te conectaremos con una granja.<\/span><\/h3>\n<h3 style=\"text-align: center;\"><strong>Con\u00e9ctate <\/strong><\/h3>\n<h3 style=\"text-align: center;\"><span style=\"font-weight: 400;\">Con\u00e9ctate con la granja, y reg\u00edstrate con ellos para ser miembro.<\/span><\/h3>\n<h3 style=\"text-align: center;\"><strong>Double Up Food Bucks se aplica autom\u00e1ticamente<\/strong><\/h3>\n<h3 style=\"text-align: center;\"><span style=\"font-weight: 400;\">Se pagar\u00e1 una tarifa mensual con su tarjeta de Oregon Trail durante la temporada de cultivo. Double Up Food Bucks se aplica autom\u00e1ticamente, \u00a1no tiene que hacer nada!<\/span><\/h3>\n<h3 style=\"text-align: center;\"><strong>Recibir\u00e1 frutas y verduras fresca!<\/strong><\/h3>\n<h3 style=\"text-align: center;\"><span style=\"font-weight: 400;\">Cada semana, recibir\u00e1 su caja de frutas y verduras frescas.<\/span><\/h3>\n<p>[\/et_pb_text][et_pb_divider _builder_version=\u00bb4.20.4&#8243; _module_preset=\u00bbdefault\u00bb global_colors_info=\u00bb{}\u00bb][\/et_pb_divider][et_pb_text _builder_version=\u00bb4.27.5&#8243; _module_preset=\u00bbdefault\u00bb hover_enabled=\u00bb0&#8243; global_colors_info=\u00bb{}\u00bb module_id=\u00bbfarmers\u00bb sticky_enabled=\u00bb0&#8243;]<\/p>\n<h1><strong>Los Rancheros<\/strong><\/h1>\n<p><span style=\"font-weight: 400;\">Para los rancheros interesados \u200b\u200ben ofrecer Double up Food Bucks, favor de contactarnos a <\/span><a href=\"mailto:info@pnwcsa.org\"><span style=\"font-weight: 400;\">info@pnwcsa.org<\/span><\/a><span style=\"font-weight: 400;\"> o visite <\/span><a href=\"http:\/\/www.pnwcsa.org\"><span style=\"font-weight: 400;\">www.pnwcsa.org<\/span><\/a><span style=\"font-weight: 400;\">.<\/span><\/p>\n<ul>\n<li style=\"font-weight: 400;\" aria-level=\"1\"><span style=\"font-weight: 400;\">Para proveer comida nutritiva a las comunidades que m\u00e1s la necesitan.<\/span><\/li>\n<li style=\"font-weight: 400;\" aria-level=\"1\"><span style=\"font-weight: 400;\">Los miembros que pagan con SNAP son el segmento de m\u00e1s r\u00e1pido crecimiento de los nuevos miembros de CSA.<\/span><\/li>\n<\/ul>\n<p>[\/et_pb_text][et_pb_divider color=\u00bb#BBE1D2&#8243; divider_weight=\u00bb10px\u00bb _builder_version=\u00bb4.20.4&#8243; _module_preset=\u00bbdefault\u00bb background_color=\u00bb#BBE1D2&#8243; min_height=\u00bb38px\u00bb global_colors_info=\u00bb{}\u00bb][\/et_pb_divider][et_pb_text _builder_version=\u00bb4.20.4&#8243; _module_preset=\u00bbdefault\u00bb global_colors_info=\u00bb{}\u00bb]<\/p>\n<p style=\"text-align: center;\"><strong>\u00bfA\u00fan tiene preguntas? Visite nuestra p\u00e1gina de <a href=\"https:\/\/doubleuporegon.org\/es\/preguntas-mas-frecuentes\/\">preguntas frecuentes<\/a><\/strong><\/p>\n<p style=\"text-align: center;\"><span style=\"font-weight: 400;\"><em>Este programa es administrado por Pacific NW CSA Coalition<\/em>.<\/span><\/p>\n<p style=\"text-align: center;\"><span style=\"font-weight: 400;\"><img loading=\"lazy\" decoding=\"async\" src=\"https:\/\/doubleuporegon.org\/wp-content\/uploads\/2022\/11\/Untitled-design-300x300.png\" width=\"163\" height=\"163\" alt=\"\" class=\"wp-image-2051 alignnone size-medium\" \/><\/span><\/p>\n<p>[\/et_pb_text][\/et_pb_column][\/et_pb_row][et_pb_row use_custom_gutter=\u00bbon\u00bb gutter_width=\u00bb2&#8243; _builder_version=\u00bb4.16&#8243; global_colors_info=\u00bb{}\u00bb][et_pb_column type=\u00bb4_4&#8243; _builder_version=\u00bb4.16&#8243; global_colors_info=\u00bb{}\u00bb][et_pb_text _builder_version=\u00bb4.16&#8243; custom_margin=\u00bb||-12px||false|false\u00bb global_colors_info=\u00bb{}\u00bb]<\/p>\n<h5 style=\"text-align: center;\">VEA C\u00d3MO FUNCIONA FOOD BUCKS EN:<\/h5>\n<p>[\/et_pb_text][\/et_pb_column][\/et_pb_row][et_pb_row column_structure=\u00bb1_3,1_3,1_3&#8243; use_custom_gutter=\u00bbon\u00bb gutter_width=\u00bb2&#8243; _builder_version=\u00bb4.16&#8243; custom_margin=\u00bb||||false|true\u00bb locked=\u00bboff\u00bb global_colors_info=\u00bb{}\u00bb][et_pb_column type=\u00bb1_3&#8243; _builder_version=\u00bb4.16&#8243; global_colors_info=\u00bb{}\u00bb][et_pb_image src=\u00bbhttps:\/\/doubleuporegon.org\/wp-content\/uploads\/2023\/07\/2-1.png\u00bb title_text=\u00bb2&#8243; url=\u00bbhttps:\/\/doubleuporegon.org\/es\/mercados\/\u00bb _builder_version=\u00bb4.21.0&#8243; _module_preset=\u00bbdefault\u00bb global_colors_info=\u00bb{}\u00bb][\/et_pb_image][\/et_pb_column][et_pb_column type=\u00bb1_3&#8243; _builder_version=\u00bb4.16&#8243; custom_padding=\u00bb||||false|true\u00bb global_colors_info=\u00bb{}\u00bb][et_pb_image src=\u00bbhttps:\/\/doubleuporegon.org\/wp-content\/uploads\/2025\/10\/SUPERMERCADO-3.png\u00bb title_text=\u00bbSUPERMERCADO-3&#8243; url=\u00bbhttps:\/\/doubleuporegon.org\/es\/tiendas-de-comestibles\/\u00bb _builder_version=\u00bb4.25.1&#8243; _module_preset=\u00bbdefault\u00bb global_colors_info=\u00bb{}\u00bb][\/et_pb_image][\/et_pb_column][et_pb_column type=\u00bb1_3&#8243; _builder_version=\u00bb4.16&#8243; global_colors_info=\u00bb{}\u00bb][et_pb_image src=\u00bbhttps:\/\/doubleuporegon.org\/wp-content\/uploads\/2023\/07\/3-1.png\u00bb title_text=\u00bb3&#8243; url=\u00bbhttps:\/\/doubleuporegon.org\/es\/puestos-agricolas\/\u00bb _builder_version=\u00bb4.21.0&#8243; _module_preset=\u00bbdefault\u00bb global_colors_info=\u00bb{}\u00bb][\/et_pb_image][\/et_pb_column][\/et_pb_row][\/et_pb_section][et_pb_section fb_built=\u00bb1&#8243; _builder_version=\u00bb4.16&#8243; global_colors_info=\u00bb{}\u00bb][et_pb_row use_custom_gutter=\u00bbon\u00bb gutter_width=\u00bb2&#8243; _builder_version=\u00bb4.16&#8243; global_colors_info=\u00bb{}\u00bb][et_pb_column type=\u00bb4_4&#8243; _builder_version=\u00bb4.16&#8243; global_colors_info=\u00bb{}\u00bb][et_pb_text _builder_version=\u00bb4.16&#8243; custom_margin=\u00bb||-12px||false|false\u00bb global_colors_info=\u00bb{}\u00bb]<\/p>\n<h5 style=\"text-align: center;\">TRA\u00cdDO A USTED POR:<\/h5>\n<p>[\/et_pb_text][et_pb_image src=\u00bbhttps:\/\/doubleuporegon.org\/wp-content\/uploads\/2020\/01\/FMFlogobanner-300&#215;59.png\u00bb url=\u00bbhttp:\/\/www.farmersmarketfund.org\u00bb url_new_window=\u00bbon\u00bb align=\u00bbcenter\u00bb _builder_version=\u00bb4.16&#8243; global_colors_info=\u00bb{}\u00bb][\/et_pb_image][\/et_pb_column][\/et_pb_row][\/et_pb_section]<\/p>\n","protected":false},"excerpt":{"rendered":"<p>JUMP TO: For FarmersCompra una acci\u00f3n de CSA y Double Up Food Bucks cubrir\u00e1 hasta la mitad del costo de su participaci\u00f3n! Hay muchas razones para hacerse miembro de una granja de Agricultura Sostenida por la Comunidad (CSA), y ahora Double Up Food Bucks lo hace a\u00fan m\u00e1s f\u00e1cil. Usted va a obtener frutas y [&hellip;]<\/p>\n","protected":false},"author":6,"featured_media":0,"parent":0,"menu_order":0,"comment_status":"closed","ping_status":"closed","template":"","meta":{"_et_pb_use_builder":"on","_et_pb_old_content":"","_et_gb_content_width":"","footnotes":""},"class_list":["post-1253","page","type-page","status-publish","hentry"],"_links":{"self":[{"href":"https:\/\/doubleuporegon.org\/es\/wp-json\/wp\/v2\/pages\/1253","targetHints":{"allow":["GET"]}}],"collection":[{"href":"https:\/\/doubleuporegon.org\/es\/wp-json\/wp\/v2\/pages"}],"about":[{"href":"https:\/\/doubleuporegon.org\/es\/wp-json\/wp\/v2\/types\/page"}],"author":[{"embeddable":true,"href":"https:\/\/doubleuporegon.org\/es\/wp-json\/wp\/v2\/users\/6"}],"replies":[{"embeddable":true,"href":"https:\/\/doubleuporegon.org\/es\/wp-json\/wp\/v2\/comments?post=1253"}],"version-history":[{"count":24,"href":"https:\/\/doubleuporegon.org\/es\/wp-json\/wp\/v2\/pages\/1253\/revisions"}],"predecessor-version":[{"id":265171,"href":"https:\/\/doubleuporegon.org\/es\/wp-json\/wp\/v2\/pages\/1253\/revisions\/265171"}],"wp:attachment":[{"href":"https:\/\/doubleuporegon.org\/es\/wp-json\/wp\/v2\/media?parent=1253"}],"curies":[{"name":"wp","href":"https:\/\/api.w.org\/{rel}","templated":true}]}}