{"id":1263,"date":"2020-01-15T01:51:55","date_gmt":"2020-01-15T01:51:55","guid":{"rendered":"https:\/\/doubleuporegon.org\/get-involved\/"},"modified":"2025-03-11T17:26:29","modified_gmt":"2025-03-11T17:26:29","slug":"involucrarse","status":"publish","type":"page","link":"https:\/\/doubleuporegon.org\/es\/involucrarse\/","title":{"rendered":"\u00a1INVOLUCRARSE!"},"content":{"rendered":"<p>[et_pb_section fb_built=\u00bb1&#8243; fullwidth=\u00bbon\u00bb _builder_version=\u00bb4.16&#8243; global_colors_info=\u00bb{}\u00bb][et_pb_fullwidth_slider _builder_version=\u00bb4.21.0&#8243; global_colors_info=\u00bb{}\u00bb][et_pb_slide heading=\u00bb\u00a1INVOLUCRARSE!\u00bb _builder_version=\u00bb4.21.0&#8243; header_level=\u00bbh1&#8243; header_font=\u00bb|800|||||||\u00bb header_text_color=\u00bb#ffffff\u00bb header_font_size=\u00bb62px\u00bb header_line_height=\u00bb1.25em\u00bb background_enable_color=\u00bboff\u00bb background_image=\u00bbhttps:\/\/doubleuporegon.org\/wp-content\/uploads\/2020\/01\/NewSlider2.jpg\u00bb background_enable_image=\u00bbon\u00bb header_font_size_tablet=\u00bb28px\u00bb header_font_size_phone=\u00bb28px\u00bb header_font_size_last_edited=\u00bbon|phone\u00bb global_colors_info=\u00bb{}\u00bb sticky_transition=\u00bbon\u00bb][\/et_pb_slide][\/et_pb_fullwidth_slider][\/et_pb_section][et_pb_section fb_built=\u00bb1&#8243; _builder_version=\u00bb4.16&#8243; global_colors_info=\u00bb{}\u00bb][et_pb_row _builder_version=\u00bb4.16&#8243; global_colors_info=\u00bb{}\u00bb][et_pb_column type=\u00bb4_4&#8243; _builder_version=\u00bb4.16&#8243; global_colors_info=\u00bb{}\u00bb][et_pb_text _builder_version=\u00bb4.16&#8243; header_font=\u00bb|800||on|||||\u00bb header_text_align=\u00bbcenter\u00bb header_font_size=\u00bb48px\u00bb header_3_font=\u00bb|800|||||||\u00bb header_3_font_size=\u00bb32px\u00bb global_colors_info=\u00bb{}\u00bb]<\/p>\n<h1>\u00a1Ay\u00fadenos a correr la voz sobre Double Up Food Bucks en su comunidad!<\/h1>\n<p style=\"text-align: center;\">Tenemos una variedad de materiales de divulgaci\u00f3n descargables disponibles a continuaci\u00f3n en ingl\u00e9s y espa\u00f1ol<\/p>\n<p>[\/et_pb_text][\/et_pb_column][\/et_pb_row][et_pb_row _builder_version=\u00bb4.16&#8243; global_colors_info=\u00bb{}\u00bb][et_pb_column type=\u00bb4_4&#8243; _builder_version=\u00bb4.16&#8243; global_colors_info=\u00bb{}\u00bb][et_pb_text _builder_version=\u00bb4.16&#8243; header_font=\u00bb|800||on|||||\u00bb header_text_align=\u00bbcenter\u00bb header_font_size=\u00bb48px\u00bb header_3_font=\u00bb|800|||||||\u00bb header_3_font_size=\u00bb32px\u00bb global_colors_info=\u00bb{}\u00bb]<\/p>\n<h1>COMPARTIR EN LAS REDES SOCIALES<\/h1>\n<p style=\"text-align: center;\">Comparta estos gr\u00e1ficos descargables en sus canales de redes sociales para que su comunidad sepa sobre Double Up Food Bucks.<\/p>\n<p>[\/et_pb_text][\/et_pb_column][\/et_pb_row][et_pb_row column_structure=\u00bb1_3,1_3,1_3&#8243; use_custom_gutter=\u00bbon\u00bb gutter_width=\u00bb2&#8243; _builder_version=\u00bb4.16&#8243; global_colors_info=\u00bb{}\u00bb][et_pb_column type=\u00bb1_3&#8243; _builder_version=\u00bb4.16&#8243; global_colors_info=\u00bb{}\u00bb][et_pb_image src=\u00bbhttps:\/\/doubleuporegon.org\/wp-content\/uploads\/2024\/01\/2024-20into40-2.jpg\u00bb title_text=\u00bb2024 20into40 (2)\u00bb _builder_version=\u00bb4.21.0&#8243; global_colors_info=\u00bb{}\u00bb][\/et_pb_image][\/et_pb_column][et_pb_column type=\u00bb1_3&#8243; _builder_version=\u00bb4.16&#8243; global_colors_info=\u00bb{}\u00bb][et_pb_image src=\u00bbhttps:\/\/doubleuporegon.org\/wp-content\/uploads\/2024\/01\/2024-Double-up-Food-Bucks-Oregon.jpg\u00bb title_text=\u00bb2024 Double up Food Bucks Oregon\u00bb show_in_lightbox=\u00bbon\u00bb _builder_version=\u00bb4.21.0&#8243; global_colors_info=\u00bb{}\u00bb][\/et_pb_image][\/et_pb_column][et_pb_column type=\u00bb1_3&#8243; _builder_version=\u00bb4.16&#8243; global_colors_info=\u00bb{}\u00bb][et_pb_image src=\u00bbhttps:\/\/doubleuporegon.org\/wp-content\/uploads\/2022\/05\/1.2.3.-DUFB.png\u00bb title_text=\u00bb1.2.3. DUFB\u00bb show_in_lightbox=\u00bbon\u00bb _builder_version=\u00bb4.16&#8243; global_colors_info=\u00bb{}\u00bb][\/et_pb_image][\/et_pb_column][\/et_pb_row][et_pb_row column_structure=\u00bb1_3,1_3,1_3&#8243; use_custom_gutter=\u00bbon\u00bb gutter_width=\u00bb2&#8243; _builder_version=\u00bb4.21.0&#8243; global_colors_info=\u00bb{}\u00bb][et_pb_column type=\u00bb1_3&#8243; _builder_version=\u00bb4.16&#8243; global_colors_info=\u00bb{}\u00bb][et_pb_image src=\u00bbhttps:\/\/doubleuporegon.org\/wp-content\/uploads\/2024\/01\/2024-Get-Free-Fruits-Veggies-with-your-EBT-Card-1.jpg\u00bb title_text=\u00bb2024 Get Free Fruits &#038; Veggies with your EBT Card (1)\u00bb show_in_lightbox=\u00bbon\u00bb _builder_version=\u00bb4.21.0&#8243; global_colors_info=\u00bb{}\u00bb][\/et_pb_image][\/et_pb_column][et_pb_column type=\u00bb1_3&#8243; _builder_version=\u00bb4.21.0&#8243; _module_preset=\u00bbdefault\u00bb global_colors_info=\u00bb{}\u00bb][et_pb_image src=\u00bbhttps:\/\/doubleuporegon.org\/wp-content\/uploads\/2024\/01\/2024-Farmers-market-locations-estimate-Square-1.jpg\u00bb title_text=\u00bb2024 Farmers market locations (estimate) &#8211; Square (1)\u00bb show_in_lightbox=\u00bbon\u00bb _builder_version=\u00bb4.21.0&#8243; global_colors_info=\u00bb{}\u00bb][\/et_pb_image][\/et_pb_column][et_pb_column type=\u00bb1_3&#8243; _builder_version=\u00bb4.21.0&#8243; _module_preset=\u00bbdefault\u00bb global_colors_info=\u00bb{}\u00bb][et_pb_image src=\u00bbhttps:\/\/doubleuporegon.org\/wp-content\/uploads\/2020\/01\/DUFB_social_5.png\u00bb show_in_lightbox=\u00bbon\u00bb _builder_version=\u00bb4.16&#8243; global_colors_info=\u00bb{}\u00bb][\/et_pb_image][\/et_pb_column][\/et_pb_row][et_pb_row column_structure=\u00bb1_3,1_3,1_3&#8243; use_custom_gutter=\u00bbon\u00bb gutter_width=\u00bb2&#8243; _builder_version=\u00bb4.16&#8243; global_colors_info=\u00bb{}\u00bb][et_pb_column type=\u00bb1_3&#8243; _builder_version=\u00bb4.16&#8243; global_colors_info=\u00bb{}\u00bb][et_pb_image src=\u00bbhttps:\/\/doubleuporegon.org\/wp-content\/uploads\/2020\/01\/DUFB_social_4.png\u00bb show_in_lightbox=\u00bbon\u00bb _builder_version=\u00bb4.16&#8243; global_colors_info=\u00bb{}\u00bb][\/et_pb_image][\/et_pb_column][et_pb_column type=\u00bb1_3&#8243; _builder_version=\u00bb4.16&#8243; global_colors_info=\u00bb{}\u00bb][et_pb_image src=\u00bbhttps:\/\/doubleuporegon.org\/wp-content\/uploads\/2024\/01\/FMF_LC_2019_SupportORFF.jpg\u00bb title_text=\u00bbFMF_LC_2019_SupportORFF\u00bb _builder_version=\u00bb4.21.0&#8243; _module_preset=\u00bbdefault\u00bb global_colors_info=\u00bb{}\u00bb][\/et_pb_image][\/et_pb_column][et_pb_column type=\u00bb1_3&#8243; _builder_version=\u00bb4.16&#8243; global_colors_info=\u00bb{}\u00bb][et_pb_image src=\u00bbhttps:\/\/doubleuporegon.org\/wp-content\/uploads\/2024\/01\/FMF_LC_2019_FarmerLuxury.jpg\u00bb title_text=\u00bbFMF_LC_2019_FarmerLuxury\u00bb _builder_version=\u00bb4.21.0&#8243; _module_preset=\u00bbdefault\u00bb global_colors_info=\u00bb{}\u00bb][\/et_pb_image][\/et_pb_column][\/et_pb_row][et_pb_row disabled_on=\u00bbon|on|on\u00bb _builder_version=\u00bb4.21.0&#8243; disabled=\u00bbon\u00bb global_colors_info=\u00bb{}\u00bb][et_pb_column type=\u00bb4_4&#8243; _builder_version=\u00bb4.16&#8243; global_colors_info=\u00bb{}\u00bb][et_pb_text disabled_on=\u00bboff|off|off\u00bb _builder_version=\u00bb4.21.0&#8243; header_font=\u00bb|800||on|||||\u00bb header_text_align=\u00bbcenter\u00bb header_font_size=\u00bb48px\u00bb header_3_font=\u00bb|800|||||||\u00bb header_3_font_size=\u00bb32px\u00bb global_colors_info=\u00bb{}\u00bb]<\/p>\n<h1>MATERIALES IMPRESOS COMPARTIR<\/h1>\n<h2 style=\"text-align: center;\"><\/h2>\n<h2 style=\"text-align: center;\">Descargue e imprima folletos y carteles:<\/h2>\n<h3 style=\"text-align: center;\"><\/h3>\n<h3 style=\"text-align: center;\"><\/h3>\n<h3 style=\"text-align: center;\"><\/h3>\n<h3 style=\"text-align: center;\">\u00c1rea Metropolitana de Portland<\/h3>\n<p style=\"text-align: center;\"><span style=\"text-decoration: underline;\"><strong>11&#8243; x 17&#8243; Carteles:<\/strong><\/span><strong> <\/strong><a href=\"https:\/\/doubleuporegon.org\/wp-content\/uploads\/2023\/06\/DUFB-Summer-Poster-2023_Eng.pdf\">ingl\u00e9s<\/a>\u00a0&#8211; <a href=\"https:\/\/doubleuporegon.org\/wp-content\/uploads\/2023\/06\/DUFB-Summer-Poster-2023_SCH.pdf\">chino (simplificado)<\/a> &#8211; <a href=\"https:\/\/doubleuporegon.org\/wp-content\/uploads\/2023\/06\/DUFB-Summer-Poster-2023_TCH.pdf\">chinese (tradicional)<\/a> &#8211; <a href=\"https:\/\/doubleuporegon.org\/wp-content\/uploads\/2023\/06\/Pages-from-DUFB-Summer-Poster-2023_RUS.pdf\">ruso<\/a> &#8211; <a href=\"https:\/\/doubleuporegon.org\/wp-content\/uploads\/2023\/06\/DUFB-Summer-Poster-2023_SP_Portland.pdf\">espa\u00f1ol<\/a>\u00a0&#8211; <a href=\"https:\/\/doubleuporegon.org\/wp-content\/uploads\/2023\/06\/DUFB-Summer-Poster-2023_Poster_VIE.pdf\">vietnamita<\/a><\/p>\n<p style=\"text-align: center;\"><span style=\"text-decoration: underline;\"><strong>Folletos:<\/strong><\/span> <a href=\"https:\/\/doubleuporegon.org\/wp-content\/uploads\/2023\/06\/English-trifold-2023.pdf\">ingl\u00e9s<\/a> &#8211; <a href=\"https:\/\/doubleuporegon.org\/wp-content\/uploads\/2023\/06\/S.Chinese-trifold-2023.pdf\">chinese (simplificado)<\/a> &#8211; <a href=\"https:\/\/doubleuporegon.org\/wp-content\/uploads\/2023\/06\/TChinese-trifold-2023.pdf\">chinese (tradicional)<\/a> &#8211; <a href=\"https:\/\/doubleuporegon.org\/wp-content\/uploads\/2023\/06\/Russian-Trifold-2023.pdf\">ruso<\/a> &#8211; <a href=\"https:\/\/doubleuporegon.org\/wp-content\/uploads\/2023\/06\/Spanish-Trifold-2023.pdf\">espa\u00f1ol<\/a> &#8211; <a href=\"https:\/\/doubleuporegon.org\/wp-content\/uploads\/2023\/06\/Vietnamese-trifold-2023.pdf\">vietnamita<\/a><\/p>\n<h3 style=\"text-align: center;\">\u00a0 R\u00e9gion Central del Valle de Willamette<\/h3>\n<p style=\"text-align: center;\"><strong><span style=\"text-decoration: underline;\">11&#8243; x 17&#8243; Carteles:<\/span><\/strong> <a href=\"https:\/\/doubleuporegon.org\/wp-content\/uploads\/2023\/06\/DUFB-Summer-Poster-2023_ENG_C.-WV.pdf\">ingl\u00e9s<\/a>\u00a0&#8211; <a href=\"https:\/\/doubleuporegon.org\/wp-content\/uploads\/2023\/06\/DUFB-Summer-Poster-2023_SP_CWV.pdf\">espa\u00f1ol<\/a><\/p>\n<p style=\"text-align: center;\"><strong><span style=\"text-decoration: underline;\">5.5&#8243; x 8.5&#8243; Folletos:<\/span><\/strong> <a href=\"https:\/\/doubleuporegon.org\/wp-content\/uploads\/2023\/06\/DUFB-summer-flyer_2023_ENG_C.WV_.pdf\">ingl\u00e9s<\/a> &#8211; <a href=\"https:\/\/doubleuporegon.org\/wp-content\/uploads\/2023\/06\/DUFB-Summer-Flyers_2023_SP_CWV.pdf\">espa\u00f1ol<\/a><\/p>\n<h3 style=\"text-align: center;\">El Sur del Valle de Willamette<\/h3>\n<p style=\"text-align: center;\"><strong><span style=\"text-decoration: underline;\">11&#8243; x 17&#8243; Carteles:<\/span><\/strong> <a href=\"https:\/\/doubleuporegon.org\/wp-content\/uploads\/2023\/06\/DUFB-Summer-Poster-2023_ENG_S.-WV.pdf\">ingl\u00e9s<\/a> &#8211; <a href=\"https:\/\/doubleuporegon.org\/wp-content\/uploads\/2023\/06\/DUFB-Summer-Poster-2023_SP_SWV.pdf\">espa\u00f1ol<\/a><\/p>\n<p style=\"text-align: center;\"><strong><span style=\"text-decoration: underline;\">5.5&#8243; x 8.5&#8243; Folletos:<\/span><\/strong> <a href=\"https:\/\/doubleuporegon.org\/wp-content\/uploads\/2023\/06\/DUFB-Summyer-Flyer_2023_S.WV_Eng.pdf\">ingl\u00e9s<\/a> &#8211; <a href=\"https:\/\/doubleuporegon.org\/wp-content\/uploads\/2023\/06\/DUFB-Summer-Flyers_2023_SP_SWV.pdf\">espa\u00f1ol<\/a><\/p>\n<h3 style=\"text-align: center;\">Regi\u00f3n Costera<\/h3>\n<p style=\"text-align: center;\"><strong><span style=\"text-decoration: underline;\">11&#8243; x 17&#8243; Carteles:<\/span><\/strong> <a href=\"https:\/\/doubleuporegon.org\/wp-content\/uploads\/2023\/06\/DUFB-Summer-Poster-2023_ENG_Coast.pdf\">ingl\u00e9s<\/a> &#8211; <a href=\"https:\/\/doubleuporegon.org\/wp-content\/uploads\/2023\/06\/DUFB-Summer-Poster-2023_SP_Coast.pdf\">espa\u00f1ol<\/a><\/p>\n<p style=\"text-align: center;\"><strong><span style=\"text-decoration: underline;\">5.5&#8243; x 8.5&#8243; Folletos:<\/span><\/strong> <a href=\"https:\/\/doubleuporegon.org\/wp-content\/uploads\/2023\/06\/DUFB-Summer-flyes_2023_Eng_Coast.pdf\">ingl\u00e9s<\/a> &#8211; <a href=\"https:\/\/doubleuporegon.org\/wp-content\/uploads\/2023\/06\/DUFB-Summer-Flyers_2023_SP_Coast.pdf\">espa\u00f1ol<\/a><\/p>\n<h3 style=\"text-align: center;\">El Sur de Oregon<\/h3>\n<p style=\"text-align: center;\"><strong><span style=\"text-decoration: underline;\">11&#8243; x 17&#8243; Carteles:<\/span><\/strong> <a href=\"https:\/\/doubleuporegon.org\/wp-content\/uploads\/2023\/06\/DUFB-Summer-Poster-2023_ENG_S.-OR.pdf\">ingl\u00e9s<\/a> &#8211; <a href=\"https:\/\/doubleuporegon.org\/wp-content\/uploads\/2023\/06\/DUFB-Summer-Poster-2023_SP_S.OR_.pdf\">espa\u00f1ol<\/a><\/p>\n<p style=\"text-align: center;\"><strong><span style=\"text-decoration: underline;\">5.5&#8243; x 8.5&#8243; Folletos:<\/span><\/strong> <a href=\"https:\/\/doubleuporegon.org\/wp-content\/uploads\/2023\/06\/DUFB-Summer-flyers_2023_Eng_S.OR_.pdf\">ingl\u00e9s<\/a> &#8211; <a href=\"https:\/\/doubleuporegon.org\/wp-content\/uploads\/2023\/06\/DUFB-Summer-Flyers_2023_SP_S.OR_.pdf\">espa\u00f1ol<\/a><a href=\"https:\/\/doubleuporegon.org\/wp-content\/uploads\/2022\/05\/Southern-Oregon-flyer-2022.pdf\"><br \/><\/a><\/p>\n<h3 style=\"text-align: center;\">El Este de Oregon<\/h3>\n<p style=\"text-align: center;\"><strong><span style=\"text-decoration: underline;\">11&#8243; x 17&#8243; Posters:<\/span><\/strong> <a href=\"https:\/\/doubleuporegon.org\/wp-content\/uploads\/2023\/06\/DUFB-Summer-Poster-2023_ENG_E.-OR.pdf\">ingl\u00e9s<\/a> &#8211; <a href=\"https:\/\/doubleuporegon.org\/wp-content\/uploads\/2023\/06\/DUFB-Summer-Poster-2023_SP_E.OR_.pdf\">espa\u00f1ol<\/a><\/p>\n<p style=\"text-align: center;\"><strong><span style=\"text-decoration: underline;\">5.5&#8243; x 8.5&#8243; Flyers:<\/span><\/strong> <a href=\"https:\/\/doubleuporegon.org\/wp-content\/uploads\/2023\/06\/DUFB-Summyer-Flyer_2023_E.OR_Eng.pdf\">ingl\u00e9s<\/a> &#8211; <a href=\"https:\/\/doubleuporegon.org\/wp-content\/uploads\/2023\/06\/DUFB-Summer-Flyers_2023_SP_E.OR_.pdf\">espa\u00f1ol<\/a><\/p>\n<h3 style=\"text-align: center;\">Regi\u00f3n Central de Oregon<\/h3>\n<p style=\"text-align: center;\"><strong><span style=\"text-decoration: underline;\">11&#8243; x 17&#8243; Carteles<\/span>:<\/strong> <a href=\"https:\/\/doubleuporegon.org\/wp-content\/uploads\/2023\/06\/DUFB-Summer-Poster-2023_C.-OR.pdf\">ingl\u00e9s<\/a> &#8211; <a href=\"https:\/\/doubleuporegon.org\/wp-content\/uploads\/2023\/06\/DUFB-Summer-Poster-2023_SP_C.OR_.pdf\">espa\u00f1ol<\/a><\/p>\n<p style=\"text-align: center;\"><strong><span style=\"text-decoration: underline;\">5.5&#8243; x 8.5&#8243; Folletos:<\/span><\/strong> <a href=\"https:\/\/doubleuporegon.org\/wp-content\/uploads\/2023\/06\/DUFB-Summer-Flyer_2023_ENG_C.OR_.pdf\">ingl\u00e9s<\/a> &#8211; <a href=\"https:\/\/doubleuporegon.org\/wp-content\/uploads\/2023\/06\/DUFB-Summer-Flyers-2023_SP_C.OR_.pdf\">espa\u00f1ol<\/a><\/p>\n<p>[\/et_pb_text][\/et_pb_column][\/et_pb_row][et_pb_row _builder_version=\u00bb4.21.0&#8243; global_colors_info=\u00bb{}\u00bb][et_pb_column type=\u00bb4_4&#8243; _builder_version=\u00bb4.16&#8243; global_colors_info=\u00bb{}\u00bb][et_pb_text disabled_on=\u00bboff|off|off\u00bb _builder_version=\u00bb4.21.0&#8243; header_font=\u00bb|800||on|||||\u00bb header_text_align=\u00bbcenter\u00bb header_font_size=\u00bb48px\u00bb header_3_font=\u00bb|800|||||||\u00bb header_3_font_size=\u00bb32px\u00bb global_colors_info=\u00bb{}\u00bb]<\/p>\n<h1>MATERIALES IMPRESOS COMPARTIR<\/h1>\n<h2 style=\"text-align: center;\">Descargue e imprima folletos y carteles:<\/h2>\n<h3 style=\"text-align: center;\"><\/h3>\n<h3 style=\"text-align: center;\"><\/h3>\n<h3 style=\"text-align: center;\"><\/h3>\n<h3 style=\"text-align: center;\">en todo el estado<\/h3>\n<p style=\"text-align: center;\"><span style=\"text-decoration: underline;\"><strong>11&#8243; x 17&#8243; Carteles:<\/strong><\/span> <a href=\"https:\/\/doubleuporegon.org\/wp-content\/uploads\/2024\/01\/DUFB-Winter-Poster_2024_F.pdf\">ingl\u00e9s<\/a> &#8211;\u00a0<a href=\"https:\/\/doubleuporegon.org\/wp-content\/uploads\/2024\/01\/DUFB-Winter-Poster_2024_F-1.pdf\">espa\u00f1ol<\/a><\/p>\n<p style=\"text-align: center;\"><span style=\"text-decoration: underline;\"><strong>Folletos:<\/strong><\/span> <a href=\"https:\/\/doubleuporegon.org\/wp-content\/uploads\/2024\/01\/DUFB-Winter-Flyers-2024.pdf\">ingl\u00e9s<\/a> &#8211; <a href=\"https:\/\/doubleuporegon.org\/wp-content\/uploads\/2024\/01\/DUFB-Winter-Flyers-for-Printing-combined.pdf\">espa\u00f1ol<\/a><\/p>\n<h3 style=\"text-align: center;\"><\/h3>\n<p>[\/et_pb_text][\/et_pb_column][\/et_pb_row][et_pb_row column_structure=\u00bb1_3,1_3,1_3&#8243; _builder_version=\u00bb4.21.0&#8243; custom_padding=\u00bb|10px||10px|false|false\u00bb locked=\u00bboff\u00bb global_colors_info=\u00bb{}\u00bb][et_pb_column type=\u00bb1_3&#8243; _builder_version=\u00bb4.16&#8243; global_colors_info=\u00bb{}\u00bb][et_pb_image src=\u00bbhttps:\/\/doubleuporegon.org\/wp-content\/uploads\/2025\/03\/Screenshot-2025-03-11-at-10.20.12\u202fAM-1.png\u00bb title_text=\u00bbScreenshot 2025-03-11 at 10.20.12\u202fAM\u00bb _builder_version=\u00bb4.25.1&#8243; _module_preset=\u00bbdefault\u00bb hover_enabled=\u00bb0&#8243; global_colors_info=\u00bb{}\u00bb sticky_enabled=\u00bb0&#8243;][\/et_pb_image][et_pb_text _builder_version=\u00bb4.25.1&#8243; _module_preset=\u00bbdefault\u00bb hover_enabled=\u00bb0&#8243; global_colors_info=\u00bb{}\u00bb sticky_enabled=\u00bb0&#8243;]<\/p>\n<p style=\"text-align: center;\"><span>cartel de invierno 2025<\/span><\/p>\n<p>[\/et_pb_text][\/et_pb_column][et_pb_column type=\u00bb1_3&#8243; _builder_version=\u00bb4.16&#8243; global_colors_info=\u00bb{}\u00bb][et_pb_image src=\u00bbhttps:\/\/doubleuporegon.org\/wp-content\/uploads\/2025\/03\/Screenshot-2025-03-11-at-10.21.42\u202fAM.png\u00bb title_text=\u00bbScreenshot 2025-03-11 at 10.21.42\u202fAM\u00bb align=\u00bbcenter\u00bb _builder_version=\u00bb4.25.1&#8243; _module_preset=\u00bbdefault\u00bb hover_enabled=\u00bb0&#8243; global_colors_info=\u00bb{}\u00bb sticky_enabled=\u00bb0&#8243; custom_margin=\u00bb|||16px|false|false\u00bb][\/et_pb_image][et_pb_text _builder_version=\u00bb4.25.1&#8243; _module_preset=\u00bbdefault\u00bb hover_enabled=\u00bb0&#8243; global_colors_info=\u00bb{}\u00bb sticky_enabled=\u00bb0&#8243;]<\/p>\n<p style=\"text-align: center;\">Frente del volante de invierno 2025<\/p>\n<p>[\/et_pb_text][\/et_pb_column][et_pb_column type=\u00bb1_3&#8243; _builder_version=\u00bb4.16&#8243; global_colors_info=\u00bb{}\u00bb][et_pb_image src=\u00bbhttps:\/\/doubleuporegon.org\/wp-content\/uploads\/2025\/03\/Screenshot-2025-03-11-at-10.21.59\u202fAM.png\u00bb title_text=\u00bbScreenshot 2025-03-11 at 10.21.59\u202fAM\u00bb _builder_version=\u00bb4.25.1&#8243; _module_preset=\u00bbdefault\u00bb custom_padding=\u00bb|||31px||\u00bb hover_enabled=\u00bb0&#8243; global_colors_info=\u00bb{}\u00bb sticky_enabled=\u00bb0&#8243;][\/et_pb_image][et_pb_text _builder_version=\u00bb4.25.1&#8243; _module_preset=\u00bbdefault\u00bb hover_enabled=\u00bb0&#8243; global_colors_info=\u00bb{}\u00bb sticky_enabled=\u00bb0&#8243;]<\/p>\n<p style=\"text-align: center;\"><span>Volante de invierno 2025 de vuelta<\/span><\/p>\n<p>[\/et_pb_text][\/et_pb_column][\/et_pb_row][et_pb_row use_custom_gutter=\u00bbon\u00bb gutter_width=\u00bb2&#8243; disabled_on=\u00bboff|off|off\u00bb _builder_version=\u00bb4.21.0&#8243; locked=\u00bboff\u00bb global_colors_info=\u00bb{}\u00bb][et_pb_column type=\u00bb4_4&#8243; _builder_version=\u00bb4.16&#8243; global_colors_info=\u00bb{}\u00bb][et_pb_text module_id=\u00bbpostcards\u00bb _builder_version=\u00bb4.21.0&#8243; _module_preset=\u00bbdefault\u00bb global_colors_info=\u00bb{}\u00bb]<\/p>\n<h2 style=\"text-align: center;\">Tarjetas de Double Up Food Bucks<\/h2>\n<p>[\/et_pb_text][et_pb_image src=\u00bbhttps:\/\/doubleuporegon.org\/wp-content\/uploads\/2023\/06\/Untitled-design-1-1.png\u00bb title_text=\u00bbUntitled design (1)\u00bb _builder_version=\u00bb4.21.0&#8243; _module_preset=\u00bbdefault\u00bb global_colors_info=\u00bb{}\u00bb][\/et_pb_image][et_pb_text _builder_version=\u00bb4.21.0&#8243; _module_preset=\u00bbdefault\u00bb custom_padding=\u00bb31px|||||\u00bb global_colors_info=\u00bb{}\u00bb]<\/p>\n<h2 style=\"text-align: center;\">Descargue e imprima tarjetas:<\/h2>\n<table border=\"1\" style=\"height: 159px; width: 49.9037%; border-collapse: collapse; margin-left: auto; margin-right: auto;\" height=\"59\">\n<tbody>\n<tr>\n<td style=\"width: 50%;\">\n<p>&nbsp;<\/p>\n<ul>\n<li><a href=\"https:\/\/doubleuporegon.org\/wp-content\/uploads\/2023\/06\/DUFBSNAP-4x6-Postcard-2023_F_Press-Ready.pdf\">ingl\u00e9s<\/a><\/li>\n<li><a href=\"https:\/\/doubleuporegon.org\/wp-content\/uploads\/2023\/06\/DUFBSNAP-4x6-Postcard-Spanish-2023_F.pdf\">espa\u00f1ol<\/a><\/li>\n<li><a href=\"https:\/\/doubleuporegon.org\/wp-content\/uploads\/2023\/06\/DUFBSNAP-4x6-Postcard-2023_Arabic_Press-Ready.pdf\">arabe<\/a><\/li>\n<li><a href=\"https:\/\/doubleuporegon.org\/wp-content\/uploads\/2023\/06\/DUFBSNAP-4x6-Postcard-2023_SCH.pdf\">chino (simplificado)<\/a><\/li>\n<li><a href=\"https:\/\/doubleuporegon.org\/wp-content\/uploads\/2023\/06\/DUFBSNAP-4x6-Postcard-2023_TCH.pdf\">Chino (tradicional)<\/a><\/li>\n<\/ul>\n<\/td>\n<td style=\"width: 50%;\">\n<p>&nbsp;<\/p>\n<ul>\n<li><a href=\"https:\/\/doubleuporegon.org\/wp-content\/uploads\/2023\/06\/DUFBSNAP-4x6-Postcard-2023_KOR.pdf\">coreano<\/a><\/li>\n<li><a href=\"https:\/\/doubleuporegon.org\/wp-content\/uploads\/2023\/06\/DUFBSNAP-4x6-Postcard-2023_RUS.pdf\">ruso<\/a><\/li>\n<li><a href=\"https:\/\/doubleuporegon.org\/wp-content\/uploads\/2023\/06\/DUFBSNAP-4x6-Postcard-2023_Somali_Press-Ready.pdf\">somal\u00ed<\/a><\/li>\n<li><a href=\"https:\/\/doubleuporegon.org\/wp-content\/uploads\/2023\/06\/DUFBSNAP-4x6-Postcard-2023_UKR.pdf\">ucrainio<\/a><\/li>\n<li><a href=\"https:\/\/doubleuporegon.org\/wp-content\/uploads\/2023\/06\/DUFBSNAP-4x6-Postcard-2023_VI.pdf\">vietnamita<\/a><\/li>\n<\/ul>\n<\/td>\n<\/tr>\n<\/tbody>\n<\/table>\n<p>[\/et_pb_text][\/et_pb_column][\/et_pb_row][\/et_pb_section]<\/p>\n","protected":false},"excerpt":{"rendered":"<p>\u00a1Ay\u00fadenos a correr la voz sobre Double Up Food Bucks en su comunidad! Tenemos una variedad de materiales de divulgaci\u00f3n descargables disponibles a continuaci\u00f3n en ingl\u00e9s y espa\u00f1olCOMPARTIR EN LAS REDES SOCIALES Comparta estos gr\u00e1ficos descargables en sus canales de redes sociales para que su comunidad sepa sobre Double Up Food Bucks.MATERIALES IMPRESOS COMPARTIR Descargue [&hellip;]<\/p>\n","protected":false},"author":6,"featured_media":0,"parent":0,"menu_order":0,"comment_status":"closed","ping_status":"closed","template":"","meta":{"_et_pb_use_builder":"on","_et_pb_old_content":"","_et_gb_content_width":"","footnotes":""},"class_list":["post-1263","page","type-page","status-publish","hentry"],"_links":{"self":[{"href":"https:\/\/doubleuporegon.org\/es\/wp-json\/wp\/v2\/pages\/1263","targetHints":{"allow":["GET"]}}],"collection":[{"href":"https:\/\/doubleuporegon.org\/es\/wp-json\/wp\/v2\/pages"}],"about":[{"href":"https:\/\/doubleuporegon.org\/es\/wp-json\/wp\/v2\/types\/page"}],"author":[{"embeddable":true,"href":"https:\/\/doubleuporegon.org\/es\/wp-json\/wp\/v2\/users\/6"}],"replies":[{"embeddable":true,"href":"https:\/\/doubleuporegon.org\/es\/wp-json\/wp\/v2\/comments?post=1263"}],"version-history":[{"count":32,"href":"https:\/\/doubleuporegon.org\/es\/wp-json\/wp\/v2\/pages\/1263\/revisions"}],"predecessor-version":[{"id":256492,"href":"https:\/\/doubleuporegon.org\/es\/wp-json\/wp\/v2\/pages\/1263\/revisions\/256492"}],"wp:attachment":[{"href":"https:\/\/doubleuporegon.org\/es\/wp-json\/wp\/v2\/media?parent=1263"}],"curies":[{"name":"wp","href":"https:\/\/api.w.org\/{rel}","templated":true}]}}