{"id":242179,"date":"2023-06-06T05:30:24","date_gmt":"2023-06-06T05:30:24","guid":{"rendered":"https:\/\/doubleuporegon.org\/?page_id=242179"},"modified":"2025-10-08T17:04:22","modified_gmt":"2025-10-08T17:04:22","slug":"puestos-agricolas","status":"publish","type":"page","link":"https:\/\/doubleuporegon.org\/es\/puestos-agricolas\/","title":{"rendered":"PUESTOS AGR\u00cdCOLAS"},"content":{"rendered":"<p>[et_pb_section fb_built=\u00bb1&#8243; fullwidth=\u00bbon\u00bb _builder_version=\u00bb4.16&#8243; _module_preset=\u00bbdefault\u00bb global_colors_info=\u00bb{}\u00bb][et_pb_fullwidth_slider _builder_version=\u00bb4.21.0&#8243; _module_preset=\u00bbdefault\u00bb header_font_size=\u00bb60px\u00bb height=\u00bb200px\u00bb global_colors_info=\u00bb{}\u00bb][et_pb_slide heading=\u00bbC\u00d3MO DOBLAR LOS BUCKS DE ALIMENTOS FUNCIONA CON LOS PUESTOS AGR\u00cdCOLAS\u00bb use_bg_overlay=\u00bbon\u00bb bg_overlay_color=\u00bbrgba(0,0,0,0.2)\u00bb heading_tablet=\u00bbC\u00d3MO DOBLAR LOS BUCKS DE ALIMENTOS FUNCIONA CON LOS PUESTOS AGR\u00cdCOLAS\u00bb heading_phone=\u00bbC\u00d3MO DOBLAR LOS BUCKS DE ALIMENTOS FUNCIONA CON LOS PUESTOS AGR\u00cdCOLAS\u00bb heading_last_edited=\u00bbon|phone\u00bb _builder_version=\u00bb4.21.0&#8243; _module_preset=\u00bbdefault\u00bb header_level=\u00bbh1&#8243; header_font=\u00bb|800|||||||\u00bb header_font_size=\u00bb46px\u00bb header_line_height=\u00bb1.25em\u00bb background_enable_color=\u00bboff\u00bb background_image=\u00bbhttps:\/\/doubleuporegon.org\/wp-content\/uploads\/2020\/01\/NewSlider3.jpg\u00bb background_enable_image=\u00bbon\u00bb custom_padding=\u00bb36px||||false|false\u00bb header_font_size_tablet=\u00bb28px\u00bb header_font_size_phone=\u00bb28px\u00bb header_font_size_last_edited=\u00bbon|desktop\u00bb global_colors_info=\u00bb{}\u00bb sticky_transition=\u00bbon\u00bb][\/et_pb_slide][\/et_pb_fullwidth_slider][\/et_pb_section][et_pb_section fb_built=\u00bb1&#8243; _builder_version=\u00bb4.16&#8243; _module_preset=\u00bbdefault\u00bb global_colors_info=\u00bb{}\u00bb][et_pb_row _builder_version=\u00bb4.16&#8243; _module_preset=\u00bbdefault\u00bb global_colors_info=\u00bb{}\u00bb][et_pb_column type=\u00bb4_4&#8243; _builder_version=\u00bb4.16&#8243; _module_preset=\u00bbdefault\u00bb global_colors_info=\u00bb{}\u00bb][et_pb_text _builder_version=\u00bb4.25.1&#8243; _module_preset=\u00bbdefault\u00bb header_font=\u00bb|800|||||||\u00bb header_text_align=\u00bbcenter\u00bb header_text_color=\u00bb#000000&#8243; header_font_size=\u00bb68px\u00bb header_2_font=\u00bb|800|||||||\u00bb header_2_text_align=\u00bbcenter\u00bb header_2_font_size=\u00bb39px\u00bb custom_padding=\u00bb||6px|||\u00bb global_colors_info=\u00bb{}\u00bb]<\/p>\n<p style=\"text-align: left;\">Nuestro proyecto de los Farm Stands tiene como objetivo hacer m\u00e1s accesibles los alimentos locales para los miembros de la comunidad que padecen inseguridad alimentaria mediante la ampliaci\u00f3n del programa Double Up Food Bucks a puestos agr\u00edcolas, ofreciendo un 50% de descuento en los productos frescos comprados con el SNAP.<\/p>\n<p style=\"text-align: left;\"><strong><\/strong><\/p>\n<p style=\"text-align: left;\"><strong><\/strong><\/p>\n<p>[\/et_pb_text][et_pb_text _builder_version=\u00bb4.20.4&#8243; _module_preset=\u00bbdefault\u00bb global_colors_info=\u00bb{}\u00bb]<\/p>\n<h1>C\u00f3mo funciona<\/h1>\n<p>[\/et_pb_text][et_pb_text _builder_version=\u00bb4.21.0&#8243; _module_preset=\u00bbdefault\u00bb background_color=\u00bb#BBE1D2&#8243; custom_padding=\u00bb24px|36px|24px|36px|true|true\u00bb border_radii=\u00bbon|10px|10px|10px|10px\u00bb global_colors_info=\u00bb{}\u00bb]<\/p>\n<h3 style=\"text-align: center;\"><strong>VAYA<\/strong><\/h3>\n<h3 style=\"text-align: center;\"><span style=\"font-weight: 400;\">Vaya a un puesto agr\u00edcola participante<\/span><\/h3>\n<h3 style=\"text-align: center;\">COMPRE<\/h3>\n<h3 style=\"text-align: center;\"><span style=\"font-weight: 400;\">Compre productos frescos y otros alimentos<\/span><\/h3>\n<h3 style=\"text-align: center;\">OBTENGA MAS FRUTAS y VERDURAS<\/h3>\n<h3 style=\"text-align: center;\"><span style=\"font-weight: 400;\">Obtenga un 50% de descuento en todas las compras que re\u00fanan los requisitos de Double Up Food bucks cuando pague con sus beneficios del SNAP\/EBT<\/span><\/h3>\n<h3 style=\"text-align: center;\"><\/h3>\n<p>[\/et_pb_text][et_pb_divider _builder_version=\u00bb4.21.0&#8243; _module_preset=\u00bbdefault\u00bb global_colors_info=\u00bb{}\u00bb][\/et_pb_divider][\/et_pb_column][\/et_pb_row][et_pb_row use_custom_gutter=\u00bbon\u00bb gutter_width=\u00bb2&#8243; _builder_version=\u00bb4.16&#8243; _module_preset=\u00bbdefault\u00bb global_colors_info=\u00bb{}\u00bb][et_pb_column type=\u00bb4_4&#8243; _builder_version=\u00bb4.16&#8243; _module_preset=\u00bbdefault\u00bb global_colors_info=\u00bb{}\u00bb][et_pb_divider _builder_version=\u00bb4.21.0&#8243; _module_preset=\u00bbdefault\u00bb global_colors_info=\u00bb{}\u00bb][\/et_pb_divider][et_pb_text _builder_version=\u00bb4.20.4&#8243; _module_preset=\u00bbdefault\u00bb global_colors_info=\u00bb{}\u00bb]<\/p>\n<p style=\"text-align: center;\"><strong>\u00bfA\u00fan tiene preguntas? Visite nuestra p\u00e1gina de <a href=\"https:\/\/doubleuporegon.org\/es\/preguntas-mas-frecuentes\/\">preguntas frecuentes<\/a><\/strong><\/p>\n<p style=\"text-align: center;\"><span style=\"font-weight: 400;\"><em>Este programa es administrado por Farmers Market Fund<\/em>.<\/span><\/p>\n<p>[\/et_pb_text][et_pb_text _builder_version=\u00bb4.16&#8243; _module_preset=\u00bbdefault\u00bb custom_margin=\u00bb||-12px||false|false\u00bb global_colors_info=\u00bb{}\u00bb]<\/p>\n<h5 style=\"text-align: center;\">VEA C\u00d3MO FUNCIONA FOOD BUCKS EN:<\/h5>\n<p>[\/et_pb_text][\/et_pb_column][\/et_pb_row][et_pb_row column_structure=\u00bb1_3,1_3,1_3&#8243; use_custom_gutter=\u00bbon\u00bb gutter_width=\u00bb2&#8243; _builder_version=\u00bb4.16&#8243; custom_margin=\u00bb||||false|true\u00bb locked=\u00bboff\u00bb global_colors_info=\u00bb{}\u00bb][et_pb_column type=\u00bb1_3&#8243; _builder_version=\u00bb4.16&#8243; global_colors_info=\u00bb{}\u00bb][et_pb_image src=\u00bbhttps:\/\/doubleuporegon.org\/wp-content\/uploads\/2023\/07\/2-1.png\u00bb title_text=\u00bb2&#8243; url=\u00bbhttps:\/\/doubleuporegon.org\/es\/mercados\/\u00bb _builder_version=\u00bb4.21.0&#8243; _module_preset=\u00bbdefault\u00bb global_colors_info=\u00bb{}\u00bb][\/et_pb_image][\/et_pb_column][et_pb_column type=\u00bb1_3&#8243; _builder_version=\u00bb4.16&#8243; custom_padding=\u00bb||||false|true\u00bb global_colors_info=\u00bb{}\u00bb][et_pb_image src=\u00bbhttps:\/\/doubleuporegon.org\/wp-content\/uploads\/2025\/10\/SUPERMERCADO-3.png\u00bb title_text=\u00bbSUPERMERCADO-3&#8243; url=\u00bbhttps:\/\/doubleuporegon.org\/es\/tiendas-de-comestibles\/\u00bb _builder_version=\u00bb4.25.1&#8243; _module_preset=\u00bbdefault\u00bb hover_enabled=\u00bb0&#8243; global_colors_info=\u00bb{}\u00bb sticky_enabled=\u00bb0&#8243;][\/et_pb_image][\/et_pb_column][et_pb_column type=\u00bb1_3&#8243; _builder_version=\u00bb4.16&#8243; global_colors_info=\u00bb{}\u00bb][et_pb_image src=\u00bbhttps:\/\/doubleuporegon.org\/wp-content\/uploads\/2023\/07\/1-1.png\u00bb title_text=\u00bb1&#8243; url=\u00bbhttps:\/\/doubleuporegon.org\/es\/participacion-en-granja-csa\/\u00bb _builder_version=\u00bb4.21.0&#8243; _module_preset=\u00bbdefault\u00bb global_colors_info=\u00bb{}\u00bb][\/et_pb_image][\/et_pb_column][\/et_pb_row][\/et_pb_section][et_pb_section fb_built=\u00bb1&#8243; _builder_version=\u00bb4.16&#8243; _module_preset=\u00bbdefault\u00bb global_colors_info=\u00bb{}\u00bb][et_pb_row use_custom_gutter=\u00bbon\u00bb gutter_width=\u00bb2&#8243; _builder_version=\u00bb4.16&#8243; _module_preset=\u00bbdefault\u00bb global_colors_info=\u00bb{}\u00bb][et_pb_column type=\u00bb4_4&#8243; _builder_version=\u00bb4.16&#8243; _module_preset=\u00bbdefault\u00bb global_colors_info=\u00bb{}\u00bb][et_pb_text _builder_version=\u00bb4.16&#8243; _module_preset=\u00bbdefault\u00bb custom_margin=\u00bb||-12px||false|false\u00bb global_colors_info=\u00bb{}\u00bb]<\/p>\n<h5 style=\"text-align: center;\">TRA\u00cdDO A USTED POR:<\/h5>\n<p>[\/et_pb_text][et_pb_image src=\u00bbhttps:\/\/doubleuporegon.org\/wp-content\/uploads\/2023\/06\/FMFlogobanner-300&#215;59-1.png\u00bb url=\u00bbhttp:\/\/www.farmersmarketfund.org\u00bb url_new_window=\u00bbon\u00bb align=\u00bbcenter\u00bb _builder_version=\u00bb4.16&#8243; _module_preset=\u00bbdefault\u00bb global_colors_info=\u00bb{}\u00bb][\/et_pb_image][\/et_pb_column][\/et_pb_row][\/et_pb_section]<\/p>\n","protected":false},"excerpt":{"rendered":"<p>Nuestro proyecto de los Farm Stands tiene como objetivo hacer m\u00e1s accesibles los alimentos locales para los miembros de la comunidad que padecen inseguridad alimentaria mediante la ampliaci\u00f3n del programa Double Up Food Bucks a puestos agr\u00edcolas, ofreciendo un 50% de descuento en los productos frescos comprados con el SNAP. C\u00f3mo funcionaVAYA Vaya a un [&hellip;]<\/p>\n","protected":false},"author":6,"featured_media":0,"parent":0,"menu_order":0,"comment_status":"closed","ping_status":"closed","template":"","meta":{"_et_pb_use_builder":"on","_et_pb_old_content":"","_et_gb_content_width":"","footnotes":""},"class_list":["post-242179","page","type-page","status-publish","hentry"],"_links":{"self":[{"href":"https:\/\/doubleuporegon.org\/es\/wp-json\/wp\/v2\/pages\/242179","targetHints":{"allow":["GET"]}}],"collection":[{"href":"https:\/\/doubleuporegon.org\/es\/wp-json\/wp\/v2\/pages"}],"about":[{"href":"https:\/\/doubleuporegon.org\/es\/wp-json\/wp\/v2\/types\/page"}],"author":[{"embeddable":true,"href":"https:\/\/doubleuporegon.org\/es\/wp-json\/wp\/v2\/users\/6"}],"replies":[{"embeddable":true,"href":"https:\/\/doubleuporegon.org\/es\/wp-json\/wp\/v2\/comments?post=242179"}],"version-history":[{"count":11,"href":"https:\/\/doubleuporegon.org\/es\/wp-json\/wp\/v2\/pages\/242179\/revisions"}],"predecessor-version":[{"id":256519,"href":"https:\/\/doubleuporegon.org\/es\/wp-json\/wp\/v2\/pages\/242179\/revisions\/256519"}],"wp:attachment":[{"href":"https:\/\/doubleuporegon.org\/es\/wp-json\/wp\/v2\/media?parent=242179"}],"curies":[{"name":"wp","href":"https:\/\/api.w.org\/{rel}","templated":true}]}}